{"id":1829,"date":"2026-02-04T12:41:50","date_gmt":"2026-02-04T12:41:50","guid":{"rendered":"https:\/\/www.michaelagorcova.cz\/en\/?post_type=product&#038;p=1829"},"modified":"2026-02-04T12:44:29","modified_gmt":"2026-02-04T12:44:29","slug":"pandant-marsum-ag-925-patina","status":"publish","type":"product","link":"https:\/\/www.michaelagorcova.cz\/en\/produkt\/pandant-marsum-ag-925-patina\/","title":{"rendered":"Pendant MARSUM Ag 925 patina"},"content":{"rendered":"<p>The pendant from the I Move Mountains collection is created by casting a stone into silver and then finished by the artist by hand. This process allows its unique structure and character to truly stand out. Each piece is an original and may therefore differ slightly in detail from the photograph shown. The pendant and the box are engraved by laser with the text: HORY P\u0158EN\u00c1\u0160\u00cdM (I Move Mountains). The piece is hallmarked. It is threaded onto a sturdy black elastic cord, tied with a knot.<\/p>\n<p>Material: silver, patina<br \/>\nFineness: 925\/1000<br \/>\nWeight: approx. 2 g<br \/>\nWidth: irregular, 2\u20134 mm<br \/>\nText: HORY P\u0158EN\u00c1\u0160\u00cdM<br \/>\nCord length: 50 cm<\/p>\n","protected":false},"excerpt":{"rendered":"<p>The pendant from the I Move Mountains collection is created by casting a stone into silver and then finished by the artist by hand. This process allows its unique structure and character to truly stand out. Each piece is an original and may therefore differ slightly in detail from the photograph shown. The pendant and [&hellip;]<\/p>\n","protected":false},"featured_media":1651,"comment_status":"closed","ping_status":"closed","template":"","meta":{"_acf_changed":false},"product_cat":[63,18,25],"product_tag":[],"class_list":{"0":"post-1829","1":"product","2":"type-product","3":"status-publish","4":"has-post-thumbnail","6":"product_cat-love-can-move-mountains","7":"product_cat-necklaces","8":"product_cat-stribro","10":"first","11":"instock","12":"taxable","13":"shipping-taxable","14":"purchasable","15":"product-type-simple"},"acf":[],"_links":{"self":[{"href":"https:\/\/www.michaelagorcova.cz\/en\/wp-json\/wp\/v2\/product\/1829"}],"collection":[{"href":"https:\/\/www.michaelagorcova.cz\/en\/wp-json\/wp\/v2\/product"}],"about":[{"href":"https:\/\/www.michaelagorcova.cz\/en\/wp-json\/wp\/v2\/types\/product"}],"replies":[{"embeddable":true,"href":"https:\/\/www.michaelagorcova.cz\/en\/wp-json\/wp\/v2\/comments?post=1829"}],"wp:featuredmedia":[{"embeddable":true,"href":"https:\/\/www.michaelagorcova.cz\/en\/wp-json\/wp\/v2\/media\/1651"}],"wp:attachment":[{"href":"https:\/\/www.michaelagorcova.cz\/en\/wp-json\/wp\/v2\/media?parent=1829"}],"wp:term":[{"taxonomy":"product_cat","embeddable":true,"href":"https:\/\/www.michaelagorcova.cz\/en\/wp-json\/wp\/v2\/product_cat?post=1829"},{"taxonomy":"product_tag","embeddable":true,"href":"https:\/\/www.michaelagorcova.cz\/en\/wp-json\/wp\/v2\/product_tag?post=1829"}],"curies":[{"name":"wp","href":"https:\/\/api.w.org\/{rel}","templated":true}]}}