{"id":1815,"date":"2026-02-04T12:04:13","date_gmt":"2026-02-04T12:04:13","guid":{"rendered":"https:\/\/www.michaelagorcova.cz\/en\/?post_type=product&#038;p=1815"},"modified":"2026-02-04T12:05:45","modified_gmt":"2026-02-04T12:05:45","slug":"ring-granitum-ag-925-ring-granitum-ag-925","status":"publish","type":"product","link":"https:\/\/www.michaelagorcova.cz\/en\/produkt\/ring-granitum-ag-925-ring-granitum-ag-925\/","title":{"rendered":"Ring GRANITUM Ag 925 Ring GRANITUM Ag 925"},"content":{"rendered":"<p>Prsteny kolekce Hory p\u0159en\u00e1\u0161\u00edm jsou vyrobeny odl\u00e9v\u00e1n\u00edm kamene do st\u0159\u00edbra a n\u00e1sledn\u011b autorsky zpracov\u00e1ny. Zachovaly si p\u0159irozenost a syrovost materi\u00e1lu, kter\u00fd jsem p\u0159etvo\u0159ila v jedine\u010dn\u00fd \u0161perk se svoj\u00ed unik\u00e1tn\u00ed strukturou. Ka\u017ed\u00fd \u0161perk je origin\u00e1l a m\u016f\u017ee se proto v detailech li\u0161it od zde zobrazen\u00e9 fotografie. Uvnit\u0159 prstenu m\u016f\u017ee b\u00fdt grav\u00edrov\u00e1no: HORY P\u0158EN\u00c1\u0160\u00cdM, datum, text nebo i obr\u00e1zek. Cena se odv\u00edj\u00ed od pou\u017eit\u00e9ho materi\u00e1lu a velikosti prsten\u016f. M\u016f\u017eete mi napsat, nebo zavolat.<\/p>\n<p>GRANITUM<br \/>\nMateri\u00e1l: st\u0159\u00edbro 925\/1000, puncov\u00e1no<br \/>\nV\u00e1ha: orienta\u010dn\u00ed 6g<\/p>\n<p>GRANITUM<br \/>\nMateri\u00e1l: st\u0159\u00edbro 925\/1000, puncov\u00e1no<br \/>\nV\u00e1ha: orienta\u010dn\u00ed 6g<\/p>\n","protected":false},"excerpt":{"rendered":"<p>Prsteny kolekce Hory p\u0159en\u00e1\u0161\u00edm jsou vyrobeny odl\u00e9v\u00e1n\u00edm kamene do st\u0159\u00edbra a n\u00e1sledn\u011b autorsky zpracov\u00e1ny. Zachovaly si p\u0159irozenost a syrovost materi\u00e1lu, kter\u00fd jsem p\u0159etvo\u0159ila v jedine\u010dn\u00fd \u0161perk se svoj\u00ed unik\u00e1tn\u00ed strukturou. Ka\u017ed\u00fd \u0161perk je origin\u00e1l a m\u016f\u017ee se proto v detailech li\u0161it od zde zobrazen\u00e9 fotografie. Uvnit\u0159 prstenu m\u016f\u017ee b\u00fdt grav\u00edrov\u00e1no: HORY P\u0158EN\u00c1\u0160\u00cdM, datum, text nebo [&hellip;]<\/p>\n","protected":false},"featured_media":1715,"comment_status":"closed","ping_status":"closed","template":"","meta":{"_acf_changed":false},"product_cat":[63,22,25],"product_tag":[],"class_list":{"0":"post-1815","1":"product","2":"type-product","3":"status-publish","4":"has-post-thumbnail","6":"product_cat-love-can-move-mountains","7":"product_cat-rings","8":"product_cat-stribro","10":"first","11":"instock","12":"taxable","13":"shipping-taxable","14":"purchasable","15":"product-type-simple"},"acf":[],"_links":{"self":[{"href":"https:\/\/www.michaelagorcova.cz\/en\/wp-json\/wp\/v2\/product\/1815"}],"collection":[{"href":"https:\/\/www.michaelagorcova.cz\/en\/wp-json\/wp\/v2\/product"}],"about":[{"href":"https:\/\/www.michaelagorcova.cz\/en\/wp-json\/wp\/v2\/types\/product"}],"replies":[{"embeddable":true,"href":"https:\/\/www.michaelagorcova.cz\/en\/wp-json\/wp\/v2\/comments?post=1815"}],"wp:featuredmedia":[{"embeddable":true,"href":"https:\/\/www.michaelagorcova.cz\/en\/wp-json\/wp\/v2\/media\/1715"}],"wp:attachment":[{"href":"https:\/\/www.michaelagorcova.cz\/en\/wp-json\/wp\/v2\/media?parent=1815"}],"wp:term":[{"taxonomy":"product_cat","embeddable":true,"href":"https:\/\/www.michaelagorcova.cz\/en\/wp-json\/wp\/v2\/product_cat?post=1815"},{"taxonomy":"product_tag","embeddable":true,"href":"https:\/\/www.michaelagorcova.cz\/en\/wp-json\/wp\/v2\/product_tag?post=1815"}],"curies":[{"name":"wp","href":"https:\/\/api.w.org\/{rel}","templated":true}]}}