{"id":1793,"date":"2026-02-04T11:34:11","date_gmt":"2026-02-04T11:34:11","guid":{"rendered":"https:\/\/www.michaelagorcova.cz\/en\/?post_type=product&#038;p=1793"},"modified":"2026-02-04T11:34:13","modified_gmt":"2026-02-04T11:34:13","slug":"bracelet-almandinum-ag-925-gold-plated","status":"publish","type":"product","link":"https:\/\/www.michaelagorcova.cz\/en\/produkt\/bracelet-almandinum-ag-925-gold-plated\/","title":{"rendered":"Bracelet ALMANDINUM Ag 925 gold plated"},"content":{"rendered":"<p>The bracelet from the Love Moves Mountains collection is created by casting a stone into silver, then finished by the artist by hand and plated with 14KT gold. Only this process allows its unique structure and character to truly stand out. Each piece of jewelry is an original and may therefore differ slightly in detail from the photograph shown. The bracelet and the box feature a laser-engraved text: HORY P\u0158EN\u00c1\u0160\u00cdM (I Move Mountains). The bracelet is hallmarked.<\/p>\n<p>Material: silver, gold-plated<br \/>\nPurity: 925\/1000<br \/>\nWeight: approx. \u2013<br \/>\nWidth: irregular, 4\u20138 mm<br \/>\nText: HORY P\u0158EN\u00c1\u0160\u00cdM (I Move Mountains)<\/p>\n","protected":false},"excerpt":{"rendered":"<p>The bracelet from the Love Moves Mountains collection is created by casting a stone into silver, then finished by the artist by hand and plated with 14KT gold. Only this process allows its unique structure and character to truly stand out. Each piece of jewelry is an original and may therefore differ slightly in detail [&hellip;]<\/p>\n","protected":false},"featured_media":1653,"comment_status":"closed","ping_status":"closed","template":"","meta":{"_acf_changed":false},"product_cat":[17,63,35,25],"product_tag":[],"class_list":{"0":"post-1793","1":"product","2":"type-product","3":"status-publish","4":"has-post-thumbnail","6":"product_cat-bracelets","7":"product_cat-love-can-move-mountains","8":"product_cat-pozlacene","9":"product_cat-stribro","11":"first","12":"instock","13":"taxable","14":"shipping-taxable","15":"purchasable","16":"product-type-simple"},"acf":[],"_links":{"self":[{"href":"https:\/\/www.michaelagorcova.cz\/en\/wp-json\/wp\/v2\/product\/1793"}],"collection":[{"href":"https:\/\/www.michaelagorcova.cz\/en\/wp-json\/wp\/v2\/product"}],"about":[{"href":"https:\/\/www.michaelagorcova.cz\/en\/wp-json\/wp\/v2\/types\/product"}],"replies":[{"embeddable":true,"href":"https:\/\/www.michaelagorcova.cz\/en\/wp-json\/wp\/v2\/comments?post=1793"}],"wp:featuredmedia":[{"embeddable":true,"href":"https:\/\/www.michaelagorcova.cz\/en\/wp-json\/wp\/v2\/media\/1653"}],"wp:attachment":[{"href":"https:\/\/www.michaelagorcova.cz\/en\/wp-json\/wp\/v2\/media?parent=1793"}],"wp:term":[{"taxonomy":"product_cat","embeddable":true,"href":"https:\/\/www.michaelagorcova.cz\/en\/wp-json\/wp\/v2\/product_cat?post=1793"},{"taxonomy":"product_tag","embeddable":true,"href":"https:\/\/www.michaelagorcova.cz\/en\/wp-json\/wp\/v2\/product_tag?post=1793"}],"curies":[{"name":"wp","href":"https:\/\/api.w.org\/{rel}","templated":true}]}}