{"id":1787,"date":"2026-02-04T11:23:17","date_gmt":"2026-02-04T11:23:17","guid":{"rendered":"https:\/\/www.michaelagorcova.cz\/en\/?post_type=product&#038;p=1787"},"modified":"2026-02-04T11:23:17","modified_gmt":"2026-02-04T11:23:17","slug":"chain-melafyrum-au-585","status":"publish","type":"product","link":"https:\/\/www.michaelagorcova.cz\/en\/produkt\/chain-melafyrum-au-585\/","title":{"rendered":"Chain MELAFYRUM Au 585"},"content":{"rendered":"<p>The necklace from the Love Moves Mountains collection is created by casting a stone into gold and then finished by the artist by hand. Only this process allows its unique structure and character to truly stand out. Each piece of jewelry is an original and may therefore differ slightly in detail from the photograph shown. The pendant and the box feature a laser-engraved text: HORY P\u0158EN\u00c1\u0160\u00cdM (I Move Mountains). The jewelry is hallmarked.<\/p>\n<p>Material: 14KT gold<br \/>\nPurity: 585\/1000<br \/>\nWeight: \u2013<br \/>\nWidth: irregular, 6\u201310 mm<br \/>\nText: HORY P\u0158EN\u00c1\u0160\u00cdM (I Move Mountains)<br \/>\nChain length: 45 cm<\/p>\n","protected":false},"excerpt":{"rendered":"<p>The necklace from the Love Moves Mountains collection is created by casting a stone into gold and then finished by the artist by hand. Only this process allows its unique structure and character to truly stand out. Each piece of jewelry is an original and may therefore differ slightly in detail from the photograph shown. [&hellip;]<\/p>\n","protected":false},"featured_media":1736,"comment_status":"closed","ping_status":"closed","template":"","meta":{"_acf_changed":false},"product_cat":[63,18,24],"product_tag":[],"class_list":{"0":"post-1787","1":"product","2":"type-product","3":"status-publish","4":"has-post-thumbnail","6":"product_cat-love-can-move-mountains","7":"product_cat-necklaces","8":"product_cat-zlato","10":"first","11":"instock","12":"taxable","13":"shipping-taxable","14":"purchasable","15":"product-type-simple"},"acf":[],"_links":{"self":[{"href":"https:\/\/www.michaelagorcova.cz\/en\/wp-json\/wp\/v2\/product\/1787"}],"collection":[{"href":"https:\/\/www.michaelagorcova.cz\/en\/wp-json\/wp\/v2\/product"}],"about":[{"href":"https:\/\/www.michaelagorcova.cz\/en\/wp-json\/wp\/v2\/types\/product"}],"replies":[{"embeddable":true,"href":"https:\/\/www.michaelagorcova.cz\/en\/wp-json\/wp\/v2\/comments?post=1787"}],"wp:featuredmedia":[{"embeddable":true,"href":"https:\/\/www.michaelagorcova.cz\/en\/wp-json\/wp\/v2\/media\/1736"}],"wp:attachment":[{"href":"https:\/\/www.michaelagorcova.cz\/en\/wp-json\/wp\/v2\/media?parent=1787"}],"wp:term":[{"taxonomy":"product_cat","embeddable":true,"href":"https:\/\/www.michaelagorcova.cz\/en\/wp-json\/wp\/v2\/product_cat?post=1787"},{"taxonomy":"product_tag","embeddable":true,"href":"https:\/\/www.michaelagorcova.cz\/en\/wp-json\/wp\/v2\/product_tag?post=1787"}],"curies":[{"name":"wp","href":"https:\/\/api.w.org\/{rel}","templated":true}]}}