{"id":1783,"date":"2026-02-04T11:08:43","date_gmt":"2026-02-04T11:08:43","guid":{"rendered":"https:\/\/www.michaelagorcova.cz\/en\/?post_type=product&#038;p=1783"},"modified":"2026-02-04T11:10:32","modified_gmt":"2026-02-04T11:10:32","slug":"ring-diorum-ag-925-gold-plated-2","status":"publish","type":"product","link":"https:\/\/www.michaelagorcova.cz\/en\/produkt\/ring-diorum-ag-925-gold-plated-2\/","title":{"rendered":"Ring DIORUM Ag 925 gold plated"},"content":{"rendered":"<p>The ring from the Love Moves Mountains collection is created by casting a stone into silver, then finished by the artist by hand and plated with 14KT gold. Only this process allows its unique structure and character to truly stand out. Each piece of jewelry is an original and may therefore differ slightly in detail from the photograph shown. Inside the ring and on the box, there is a laser-engraved text: HORY P\u0158EN\u00c1\u0160\u00cdM (I Move Mountains). The price is the same for all listed sizes. The ring is hallmarked. A Bohemian garnet can be set into the ring.<\/p>\n<p>Material: silver, gold-plated<br \/>\nPurity: 925\/1000<br \/>\nWeight: approx. 12 g<br \/>\nWidth: irregular, 4\u20138 mm<br \/>\nText: HORY P\u0158EN\u00c1\u0160\u00cdM (I Move Mountains)<br \/>\nSize: 52, 53, 54, 55, 56, 57, 58<\/p>\n","protected":false},"excerpt":{"rendered":"<p>The ring from the Love Moves Mountains collection is created by casting a stone into silver, then finished by the artist by hand and plated with 14KT gold. Only this process allows its unique structure and character to truly stand out. Each piece of jewelry is an original and may therefore differ slightly in detail [&hellip;]<\/p>\n","protected":false},"featured_media":1704,"comment_status":"closed","ping_status":"closed","template":"","meta":{"_acf_changed":false},"product_cat":[63,22,25],"product_tag":[],"class_list":{"0":"post-1783","1":"product","2":"type-product","3":"status-publish","4":"has-post-thumbnail","6":"product_cat-love-can-move-mountains","7":"product_cat-rings","8":"product_cat-stribro","10":"first","11":"instock","12":"taxable","13":"shipping-taxable","14":"purchasable","15":"product-type-simple"},"acf":[],"_links":{"self":[{"href":"https:\/\/www.michaelagorcova.cz\/en\/wp-json\/wp\/v2\/product\/1783"}],"collection":[{"href":"https:\/\/www.michaelagorcova.cz\/en\/wp-json\/wp\/v2\/product"}],"about":[{"href":"https:\/\/www.michaelagorcova.cz\/en\/wp-json\/wp\/v2\/types\/product"}],"replies":[{"embeddable":true,"href":"https:\/\/www.michaelagorcova.cz\/en\/wp-json\/wp\/v2\/comments?post=1783"}],"wp:featuredmedia":[{"embeddable":true,"href":"https:\/\/www.michaelagorcova.cz\/en\/wp-json\/wp\/v2\/media\/1704"}],"wp:attachment":[{"href":"https:\/\/www.michaelagorcova.cz\/en\/wp-json\/wp\/v2\/media?parent=1783"}],"wp:term":[{"taxonomy":"product_cat","embeddable":true,"href":"https:\/\/www.michaelagorcova.cz\/en\/wp-json\/wp\/v2\/product_cat?post=1783"},{"taxonomy":"product_tag","embeddable":true,"href":"https:\/\/www.michaelagorcova.cz\/en\/wp-json\/wp\/v2\/product_tag?post=1783"}],"curies":[{"name":"wp","href":"https:\/\/api.w.org\/{rel}","templated":true}]}}