{"id":1432,"date":"2020-12-15T17:15:54","date_gmt":"2020-12-15T17:15:54","guid":{"rendered":"https:\/\/www.michaelagorcova.cz\/test\/produkt\/import-placeholder-for-633\/"},"modified":"2025-10-11T17:36:29","modified_gmt":"2025-10-11T17:36:29","slug":"nausnice-s-hortenziemi-postribrene","status":"publish","type":"product","link":"https:\/\/www.michaelagorcova.cz\/en\/produkt\/nausnice-s-hortenziemi-postribrene\/","title":{"rendered":"N\u00e1u\u0161nice s hortenzi\u00ed &#8211; post\u0159\u00edb\u0159en\u00e9"},"content":{"rendered":"<p>The Earrings Hydrangea are made of the Hydrangea flower and a hook. The flower itself is made of 0.3mm stainless steel metal sheet and it is formed into a half ball. Each pair of earrings comes with 4 pairs of semi-transparent plastic back stoppers of cylindrical shape. They are silver-plated.<br \/>\nSize of flower: 2.8 x 1cm<br \/>\nSize of earring: 4.2 x 2.8 x 1.7cm<br \/>\nSize of stopper: 0.5 x 0.25mm<\/p>\n","protected":false},"excerpt":{"rendered":"<p>The Earrings Hydrangea are made of the Hydrangea flower and a hook. The flower itself is made of 0.3mm stainless steel metal sheet and it is formed into a half ball. Each pair of earrings comes with 4 pairs of semi-transparent plastic back stoppers of cylindrical shape. They are silver-plated. Size of flower: 2.8 x [&hellip;]<\/p>\n","protected":false},"featured_media":1478,"comment_status":"closed","ping_status":"closed","template":"","meta":{"_acf_changed":false},"product_cat":[19],"product_tag":[],"class_list":{"0":"post-1432","1":"product","2":"type-product","3":"status-publish","4":"has-post-thumbnail","6":"product_cat-earrings","8":"first","9":"instock","10":"taxable","11":"shipping-taxable","12":"purchasable","13":"product-type-simple"},"acf":[],"_links":{"self":[{"href":"https:\/\/www.michaelagorcova.cz\/en\/wp-json\/wp\/v2\/product\/1432"}],"collection":[{"href":"https:\/\/www.michaelagorcova.cz\/en\/wp-json\/wp\/v2\/product"}],"about":[{"href":"https:\/\/www.michaelagorcova.cz\/en\/wp-json\/wp\/v2\/types\/product"}],"replies":[{"embeddable":true,"href":"https:\/\/www.michaelagorcova.cz\/en\/wp-json\/wp\/v2\/comments?post=1432"}],"wp:featuredmedia":[{"embeddable":true,"href":"https:\/\/www.michaelagorcova.cz\/en\/wp-json\/wp\/v2\/media\/1478"}],"wp:attachment":[{"href":"https:\/\/www.michaelagorcova.cz\/en\/wp-json\/wp\/v2\/media?parent=1432"}],"wp:term":[{"taxonomy":"product_cat","embeddable":true,"href":"https:\/\/www.michaelagorcova.cz\/en\/wp-json\/wp\/v2\/product_cat?post=1432"},{"taxonomy":"product_tag","embeddable":true,"href":"https:\/\/www.michaelagorcova.cz\/en\/wp-json\/wp\/v2\/product_tag?post=1432"}],"curies":[{"name":"wp","href":"https:\/\/api.w.org\/{rel}","templated":true}]}}