{"id":6,"date":"2015-09-29T12:38:46","date_gmt":"2015-09-29T12:38:46","guid":{"rendered":"http:\/\/www.michaelagorcova.cz\/new\/pokladna\/"},"modified":"2015-09-29T12:38:46","modified_gmt":"2015-09-29T12:38:46","slug":"pokladna","status":"publish","type":"page","link":"https:\/\/www.michaelagorcova.cz\/en\/pokladna\/","title":{"rendered":"Pokladna"},"content":{"rendered":"<div class=\"woocommerce\"><div class=\"woocommerce-notices-wrapper\"><\/div><div class=\"woocommerce-form-login-toggle\">\n\t\n\t<div class=\"woocommerce-info\">\n\t\tReturning customer? <a href=\"#\" class=\"showlogin\">Click here to login<\/a>\t<\/div>\n<\/div>\n<form class=\"woocommerce-form woocommerce-form-login login\" method=\"post\" style=\"display:none;\">\n\n\t\n\t<p>If you have shopped with us before, please enter your details below. If you are a new customer, please proceed to the Billing section.<\/p>\n\n\t<p class=\"form-row form-row-first\">\n\t\t<label for=\"username\">Username or email&nbsp;<span class=\"required\" aria-hidden=\"true\">*<\/span><span class=\"screen-reader-text\">Required<\/span><\/label>\n\t\t<input type=\"text\" class=\"input-text\" name=\"username\" id=\"username\" autocomplete=\"username\" required aria-required=\"true\" \/>\n\t<\/p>\n\t<p class=\"form-row form-row-last\">\n\t\t<label for=\"password\">Password&nbsp;<span class=\"required\" aria-hidden=\"true\">*<\/span><span class=\"screen-reader-text\">Required<\/span><\/label>\n\t\t<input class=\"input-text woocommerce-Input\" type=\"password\" name=\"password\" id=\"password\" autocomplete=\"current-password\" required aria-required=\"true\" \/>\n\t<\/p>\n\t<div class=\"clear\"><\/div>\n\n\t\n\t<p class=\"form-row\">\n\t\t<label class=\"woocommerce-form__label woocommerce-form__label-for-checkbox woocommerce-form-login__rememberme\">\n\t\t\t<input class=\"woocommerce-form__input woocommerce-form__input-checkbox\" name=\"rememberme\" type=\"checkbox\" id=\"rememberme\" value=\"forever\" \/> <span>Remember me<\/span>\n\t\t<\/label>\n\t\t<input type=\"hidden\" id=\"woocommerce-login-nonce\" name=\"woocommerce-login-nonce\" value=\"e65c34bbad\" \/><input type=\"hidden\" name=\"_wp_http_referer\" value=\"\/en\/wp-json\/wp\/v2\/pages\/6\" \/>\t\t<input type=\"hidden\" name=\"redirect\" value=\"https:\/\/www.michaelagorcova.cz\/en\/pokladna\/\" \/>\n\t\t<button type=\"submit\" class=\"woocommerce-button button woocommerce-form-login__submit\" name=\"login\" value=\"Login\">Login<\/button>\n\t<\/p>\n\t<p class=\"lost_password\">\n\t\t<a href=\"https:\/\/www.michaelagorcova.cz\/en\/muj-ucet\/lost-password\/\">Lost your password?<\/a>\n\t<\/p>\n\n\t<div class=\"clear\"><\/div>\n\n\t\n<\/form>\n<div class=\"woocommerce-form-coupon-toggle\">\n\t\n\t<div class=\"woocommerce-info\">\n\t\tHave a coupon? <a href=\"#\" class=\"showcoupon\">Click here to enter your code<\/a>\t<\/div>\n<\/div>\n\n<form class=\"checkout_coupon woocommerce-form-coupon\" method=\"post\" style=\"display:none\">\n\n\t<p>If you have a coupon code, please apply it below.<\/p>\n\n\t<p class=\"form-row form-row-first\">\n\t\t<label for=\"coupon_code\" class=\"screen-reader-text\">Coupon:<\/label>\n\t\t<input type=\"text\" name=\"coupon_code\" class=\"input-text\" placeholder=\"Coupon code\" id=\"coupon_code\" value=\"\" \/>\n\t<\/p>\n\n\t<p class=\"form-row form-row-last\">\n\t\t<button type=\"submit\" class=\"button\" name=\"apply_coupon\" value=\"Apply coupon\">Apply coupon<\/button>\n\t<\/p>\n\n\t<div class=\"clear\"><\/div>\n<\/form>\n<div class=\"woocommerce-notices-wrapper\"><\/div>\n<form name=\"checkout\" method=\"post\" class=\"checkout woocommerce-checkout\" action=\"https:\/\/www.michaelagorcova.cz\/en\/pokladna\/\" enctype=\"multipart\/form-data\">\n\n\t\n\t\t\n\t\t<div class=\"col2-set\" id=\"customer_details\">\n\t\t\t<div class=\"col-1\">\n\t\t\t\t<wc-order-attribution-inputs><\/wc-order-attribution-inputs><div class=\"woocommerce-billing-fields\">\n\t\n\t\t<h3>Billing details<\/h3>\n\n\t\n\t\n\t<div class=\"woocommerce-billing-fields__field-wrapper\">\n\t\t<p class=\"form-row form-row-first validate-required\" id=\"billing_first_name_field\" data-priority=\"10\"><label for=\"billing_first_name\" class=\"\">First name&nbsp;<abbr class=\"required\" title=\"required\">*<\/abbr><\/label><span class=\"woocommerce-input-wrapper\"><input type=\"text\" class=\"input-text \" name=\"billing_first_name\" id=\"billing_first_name\" placeholder=\"\"  value=\"\" autocomplete=\"given-name\" \/><\/span><\/p><p class=\"form-row form-row-last validate-required\" id=\"billing_last_name_field\" data-priority=\"20\"><label for=\"billing_last_name\" class=\"\">Last name&nbsp;<abbr class=\"required\" title=\"required\">*<\/abbr><\/label><span class=\"woocommerce-input-wrapper\"><input type=\"text\" class=\"input-text \" name=\"billing_last_name\" id=\"billing_last_name\" placeholder=\"\"  value=\"\" autocomplete=\"family-name\" \/><\/span><\/p><p class=\"form-row form-row-wide\" id=\"billing_company_field\" data-priority=\"30\"><label for=\"billing_company\" class=\"\">Company name&nbsp;<span class=\"optional\">(optional)<\/span><\/label><span class=\"woocommerce-input-wrapper\"><input type=\"text\" class=\"input-text \" name=\"billing_company\" id=\"billing_company\" placeholder=\"\"  value=\"\" autocomplete=\"organization\" \/><\/span><\/p><p class=\"form-row form-row-wide address-field update_totals_on_change validate-required\" id=\"billing_country_field\" data-priority=\"40\"><label for=\"billing_country\" class=\"\">Country \/ Region&nbsp;<abbr class=\"required\" title=\"required\">*<\/abbr><\/label><span class=\"woocommerce-input-wrapper\"><select name=\"billing_country\" id=\"billing_country\" class=\"country_to_state country_select \" autocomplete=\"country\" data-placeholder=\"Select a country \/ region&hellip;\" data-label=\"Country \/ Region\"><option value=\"\">Select a country \/ region&hellip;<\/option><option value=\"AT\" >Austria<\/option><option value=\"BY\" >Belarus<\/option><option value=\"HR\" >Croatia<\/option><option value=\"CZ\"  selected='selected'>Czech Republic<\/option><option value=\"DK\" >Denmark<\/option><option value=\"FR\" >France<\/option><option value=\"DE\" >Germany<\/option><option value=\"GR\" >Greece<\/option><option value=\"IE\" >Ireland<\/option><option value=\"IT\" >Italy<\/option><option value=\"LU\" >Luxembourg<\/option><option value=\"NL\" >Netherlands<\/option><option value=\"NO\" >Norway<\/option><option value=\"PL\" >Poland<\/option><option value=\"RO\" >Romania<\/option><option value=\"RU\" >Russia<\/option><option value=\"SK\" >Slovakia<\/option><option value=\"ES\" >Spain<\/option><option value=\"SE\" >Sweden<\/option><option value=\"CH\" >Switzerland<\/option><option value=\"GB\" >United Kingdom (UK)<\/option><option value=\"US\" >United States (US)<\/option><\/select><noscript><button type=\"submit\" name=\"woocommerce_checkout_update_totals\" value=\"Update country \/ region\">Update country \/ region<\/button><\/noscript><\/span><\/p><p class=\"form-row form-row-wide address-field validate-required\" id=\"billing_address_1_field\" data-priority=\"50\"><label for=\"billing_address_1\" class=\"\">Street address&nbsp;<abbr class=\"required\" title=\"required\">*<\/abbr><\/label><span class=\"woocommerce-input-wrapper\"><input type=\"text\" class=\"input-text \" name=\"billing_address_1\" id=\"billing_address_1\" placeholder=\"House number and street name\"  value=\"\" autocomplete=\"address-line1\" \/><\/span><\/p><p class=\"form-row form-row-wide address-field\" id=\"billing_address_2_field\" data-priority=\"60\"><label for=\"billing_address_2\" class=\"screen-reader-text\">Apartment, suite, unit, etc.&nbsp;<span class=\"optional\">(optional)<\/span><\/label><span class=\"woocommerce-input-wrapper\"><input type=\"text\" class=\"input-text \" name=\"billing_address_2\" id=\"billing_address_2\" placeholder=\"Apartment, suite, unit, etc. (optional)\"  value=\"\" autocomplete=\"address-line2\" \/><\/span><\/p><p class=\"form-row form-row-wide address-field validate-required\" id=\"billing_city_field\" data-priority=\"70\"><label for=\"billing_city\" class=\"\">Town \/ City&nbsp;<abbr class=\"required\" title=\"required\">*<\/abbr><\/label><span class=\"woocommerce-input-wrapper\"><input type=\"text\" class=\"input-text \" name=\"billing_city\" id=\"billing_city\" placeholder=\"\"  value=\"\" autocomplete=\"address-level2\" \/><\/span><\/p><p class=\"form-row form-row-wide address-field validate-state\" id=\"billing_state_field\" style=\"display: none\"><label for=\"billing_state\" class=\"\">State \/ County&nbsp;<span class=\"optional\">(optional)<\/span><\/label><span class=\"woocommerce-input-wrapper\"><input type=\"hidden\" class=\"hidden\" name=\"billing_state\" id=\"billing_state\" value=\"\" autocomplete=\"address-level1\" placeholder=\"\" readonly=\"readonly\" data-input-classes=\"\"\/><\/span><\/p><p class=\"form-row form-row-wide address-field validate-required validate-postcode\" id=\"billing_postcode_field\" data-priority=\"90\"><label for=\"billing_postcode\" class=\"\">Postcode \/ ZIP&nbsp;<abbr class=\"required\" title=\"required\">*<\/abbr><\/label><span class=\"woocommerce-input-wrapper\"><input type=\"text\" class=\"input-text \" name=\"billing_postcode\" id=\"billing_postcode\" placeholder=\"\"  value=\"\" autocomplete=\"postal-code\" \/><\/span><\/p><p class=\"form-row form-row-wide validate-required validate-phone\" id=\"billing_phone_field\" data-priority=\"100\"><label for=\"billing_phone\" class=\"\">Phone&nbsp;<abbr class=\"required\" title=\"required\">*<\/abbr><\/label><span class=\"woocommerce-input-wrapper\"><input type=\"tel\" class=\"input-text \" name=\"billing_phone\" id=\"billing_phone\" placeholder=\"\"  value=\"\" autocomplete=\"tel\" \/><\/span><\/p><p class=\"form-row form-row-wide validate-required validate-email\" id=\"billing_email_field\" data-priority=\"110\"><label for=\"billing_email\" class=\"\">Email address&nbsp;<abbr class=\"required\" title=\"required\">*<\/abbr><\/label><span class=\"woocommerce-input-wrapper\"><input type=\"email\" class=\"input-text \" name=\"billing_email\" id=\"billing_email\" placeholder=\"\"  value=\"\" autocomplete=\"email username\" \/><\/span><\/p>\t<\/div>\n\n\t<\/div>\n\n\t<div class=\"woocommerce-account-fields\">\n\t\t\n\t\t\t<p class=\"form-row form-row-wide create-account\">\n\t\t\t\t<label class=\"woocommerce-form__label woocommerce-form__label-for-checkbox checkbox\">\n\t\t\t\t\t<input class=\"woocommerce-form__input woocommerce-form__input-checkbox input-checkbox\" id=\"createaccount\"  type=\"checkbox\" name=\"createaccount\" value=\"1\" \/> <span>Create an account?<\/span>\n\t\t\t\t<\/label>\n\t\t\t<\/p>\n\n\t\t\n\t\t\n\t\t\n\t\t\t<div class=\"create-account\">\n\t\t\t\t\t\t\t\t\t<p class=\"form-row validate-required\" id=\"account_password_field\" data-priority=\"\"><label for=\"account_password\" class=\"\">Create account password&nbsp;<abbr class=\"required\" title=\"required\">*<\/abbr><\/label><span class=\"woocommerce-input-wrapper\"><input type=\"password\" class=\"input-text \" name=\"account_password\" id=\"account_password\" placeholder=\"Password\"  value=\"\" autocomplete=\"new-password\" \/><\/span><\/p>\t\t\t\t\t\t\t\t<div class=\"clear\"><\/div>\n\t\t\t<\/div>\n\n\t\t\n\t\t\t<\/div>\n\t\t\t<\/div>\n\n\t\t\t<div class=\"col-2\">\n\t\t\t\t<div class=\"woocommerce-shipping-fields\">\n\t\n\t\t<h3 id=\"ship-to-different-address\">\n\t\t\t<label class=\"woocommerce-form__label woocommerce-form__label-for-checkbox checkbox\">\n\t\t\t\t<input id=\"ship-to-different-address-checkbox\" class=\"woocommerce-form__input woocommerce-form__input-checkbox input-checkbox\"  type=\"checkbox\" name=\"ship_to_different_address\" value=\"1\" \/> <span>Ship to a different address?<\/span>\n\t\t\t<\/label>\n\t\t<\/h3>\n\n\t\t<div class=\"shipping_address\">\n\n\t\t\t\n\t\t\t<div class=\"woocommerce-shipping-fields__field-wrapper\">\n\t\t\t\t<p class=\"form-row form-row-first validate-required\" id=\"shipping_first_name_field\" data-priority=\"10\"><label for=\"shipping_first_name\" class=\"\">First name&nbsp;<abbr class=\"required\" title=\"required\">*<\/abbr><\/label><span class=\"woocommerce-input-wrapper\"><input type=\"text\" class=\"input-text \" name=\"shipping_first_name\" id=\"shipping_first_name\" placeholder=\"\"  value=\"\" autocomplete=\"given-name\" \/><\/span><\/p><p class=\"form-row form-row-last validate-required\" id=\"shipping_last_name_field\" data-priority=\"20\"><label for=\"shipping_last_name\" class=\"\">Last name&nbsp;<abbr class=\"required\" title=\"required\">*<\/abbr><\/label><span class=\"woocommerce-input-wrapper\"><input type=\"text\" class=\"input-text \" name=\"shipping_last_name\" id=\"shipping_last_name\" placeholder=\"\"  value=\"\" autocomplete=\"family-name\" \/><\/span><\/p><p class=\"form-row form-row-wide\" id=\"shipping_company_field\" data-priority=\"30\"><label for=\"shipping_company\" class=\"\">Company name&nbsp;<span class=\"optional\">(optional)<\/span><\/label><span class=\"woocommerce-input-wrapper\"><input type=\"text\" class=\"input-text \" name=\"shipping_company\" id=\"shipping_company\" placeholder=\"\"  value=\"\" autocomplete=\"organization\" \/><\/span><\/p><p class=\"form-row form-row-wide address-field update_totals_on_change validate-required\" id=\"shipping_country_field\" data-priority=\"40\"><label for=\"shipping_country\" class=\"\">Country \/ Region&nbsp;<abbr class=\"required\" title=\"required\">*<\/abbr><\/label><span class=\"woocommerce-input-wrapper\"><select name=\"shipping_country\" id=\"shipping_country\" class=\"country_to_state country_select \" autocomplete=\"country\" data-placeholder=\"Select a country \/ region&hellip;\" data-label=\"Country \/ Region\"><option value=\"\">Select a country \/ region&hellip;<\/option><option value=\"AT\" >Austria<\/option><option value=\"BY\" >Belarus<\/option><option value=\"HR\" >Croatia<\/option><option value=\"CZ\"  selected='selected'>Czech Republic<\/option><option value=\"DK\" >Denmark<\/option><option value=\"FR\" >France<\/option><option value=\"DE\" >Germany<\/option><option value=\"GR\" >Greece<\/option><option value=\"IE\" >Ireland<\/option><option value=\"IT\" >Italy<\/option><option value=\"LU\" >Luxembourg<\/option><option value=\"NL\" >Netherlands<\/option><option value=\"NO\" >Norway<\/option><option value=\"PL\" >Poland<\/option><option value=\"RO\" >Romania<\/option><option value=\"RU\" >Russia<\/option><option value=\"SK\" >Slovakia<\/option><option value=\"ES\" >Spain<\/option><option value=\"SE\" >Sweden<\/option><option value=\"CH\" >Switzerland<\/option><option value=\"GB\" >United Kingdom (UK)<\/option><option value=\"US\" >United States (US)<\/option><\/select><noscript><button type=\"submit\" name=\"woocommerce_checkout_update_totals\" value=\"Update country \/ region\">Update country \/ region<\/button><\/noscript><\/span><\/p><p class=\"form-row form-row-wide address-field validate-required\" id=\"shipping_address_1_field\" data-priority=\"50\"><label for=\"shipping_address_1\" class=\"\">Street address&nbsp;<abbr class=\"required\" title=\"required\">*<\/abbr><\/label><span class=\"woocommerce-input-wrapper\"><input type=\"text\" class=\"input-text \" name=\"shipping_address_1\" id=\"shipping_address_1\" placeholder=\"House number and street name\"  value=\"\" autocomplete=\"address-line1\" \/><\/span><\/p><p class=\"form-row form-row-wide address-field\" id=\"shipping_address_2_field\" data-priority=\"60\"><label for=\"shipping_address_2\" class=\"screen-reader-text\">Apartment, suite, unit, etc.&nbsp;<span class=\"optional\">(optional)<\/span><\/label><span class=\"woocommerce-input-wrapper\"><input type=\"text\" class=\"input-text \" name=\"shipping_address_2\" id=\"shipping_address_2\" placeholder=\"Apartment, suite, unit, etc. (optional)\"  value=\"\" autocomplete=\"address-line2\" \/><\/span><\/p><p class=\"form-row form-row-wide address-field validate-required\" id=\"shipping_city_field\" data-priority=\"70\"><label for=\"shipping_city\" class=\"\">Town \/ City&nbsp;<abbr class=\"required\" title=\"required\">*<\/abbr><\/label><span class=\"woocommerce-input-wrapper\"><input type=\"text\" class=\"input-text \" name=\"shipping_city\" id=\"shipping_city\" placeholder=\"\"  value=\"\" autocomplete=\"address-level2\" \/><\/span><\/p><p class=\"form-row form-row-wide address-field validate-state\" id=\"shipping_state_field\" style=\"display: none\"><label for=\"shipping_state\" class=\"\">State \/ County&nbsp;<span class=\"optional\">(optional)<\/span><\/label><span class=\"woocommerce-input-wrapper\"><input type=\"hidden\" class=\"hidden\" name=\"shipping_state\" id=\"shipping_state\" value=\"\" autocomplete=\"address-level1\" placeholder=\"\" readonly=\"readonly\" data-input-classes=\"\"\/><\/span><\/p><p class=\"form-row form-row-wide address-field validate-required validate-postcode\" id=\"shipping_postcode_field\" data-priority=\"90\"><label for=\"shipping_postcode\" class=\"\">Postcode \/ ZIP&nbsp;<abbr class=\"required\" title=\"required\">*<\/abbr><\/label><span class=\"woocommerce-input-wrapper\"><input type=\"text\" class=\"input-text \" name=\"shipping_postcode\" id=\"shipping_postcode\" placeholder=\"\"  value=\"\" autocomplete=\"postal-code\" \/><\/span><\/p>\t\t\t<\/div>\n\n\t\t\t\n\t\t<\/div>\n\n\t<\/div>\n<div class=\"woocommerce-additional-fields\">\n\t\n\t\n\t\t\n\t\t<div class=\"woocommerce-additional-fields__field-wrapper\">\n\t\t\t\t\t\t\t<p class=\"form-row notes\" id=\"order_comments_field\" data-priority=\"\"><label for=\"order_comments\" class=\"\">Order notes&nbsp;<span class=\"optional\">(optional)<\/span><\/label><span class=\"woocommerce-input-wrapper\"><textarea name=\"order_comments\" class=\"input-text \" id=\"order_comments\" placeholder=\"Notes about your order, e.g. special notes for delivery.\"  rows=\"2\" cols=\"5\"><\/textarea><\/span><\/p>\t\t\t\t\t<\/div>\n\n\t\n\t<\/div>\n\t\t\t<\/div>\n\t\t<\/div>\n\n\t\t\n\t\t\n\t\t\n\t<h3 id=\"order_review_heading\">Your order<\/h3>\n\t\n\t\n\t<div id=\"order_review\" class=\"woocommerce-checkout-review-order\">\n\t\t<table class=\"shop_table woocommerce-checkout-review-order-table\">\n\t<thead>\n\t\t<tr>\n\t\t\t<th class=\"product-name\">Product<\/th>\n\t\t\t<th class=\"product-total\">Subtotal<\/th>\n\t\t<\/tr>\n\t<\/thead>\n\t<tbody>\n\t\t\t\t\t\t<tr class=\"cart_item\">\n\t\t\t\t\t<td class=\"product-name\">\n\t\t\t\t\t\tBrooch Ginkgo-Silver Plated&nbsp;\t\t\t\t\t\t <strong class=\"product-quantity\">&times;&nbsp;1<\/strong>\t\t\t\t\t\t\t\t\t\t\t<\/td>\n\t\t\t\t\t<td class=\"product-total\">\n\t\t\t\t\t\t<span class=\"woocommerce-Price-amount amount\"><bdi><span class=\"woocommerce-Price-currencySymbol\">&euro;<\/span>84<\/bdi><\/span>\t\t\t\t\t<\/td>\n\t\t\t\t<\/tr>\n\t\t\t\t\t<\/tbody>\n\t<tfoot>\n\n\t\t<tr class=\"cart-subtotal\">\n\t\t\t<th>Subtotal<\/th>\n\t\t\t<td><span class=\"woocommerce-Price-amount amount\"><bdi><span class=\"woocommerce-Price-currencySymbol\">&euro;<\/span>84<\/bdi><\/span><\/td>\n\t\t<\/tr>\n\n\t\t\n\t\t\n\t\t\t\n\t\t\t<tr class=\"woocommerce-shipping-totals shipping\">\n\t<th>Shipping<\/th>\n\t<td data-title=\"Shipping\">\n\t\t\t\t\t<ul id=\"shipping_method\" class=\"woocommerce-shipping-methods\">\n\t\t\t\t\t\t\t\t\t<li>\n\t\t\t\t\t\t<input type=\"radio\" name=\"shipping_method[0]\" data-index=\"0\" id=\"shipping_method_0_local_pickup11\" value=\"local_pickup:11\" class=\"shipping_method\"  checked='checked' \/><label for=\"shipping_method_0_local_pickup11\">Pick up in Harddecore<\/label>\t\t\t\t\t<\/li>\n\t\t\t\t\t\t\t\t\t<li>\n\t\t\t\t\t\t<input type=\"radio\" name=\"shipping_method[0]\" data-index=\"0\" id=\"shipping_method_0_flat_rate3\" value=\"flat_rate:3\" class=\"shipping_method\"  \/><label for=\"shipping_method_0_flat_rate3\">Post - bank trasfer: <span class=\"woocommerce-Price-amount amount\"><bdi><span class=\"woocommerce-Price-currencySymbol\">&euro;<\/span>5<\/bdi><\/span><\/label>\t\t\t\t\t<\/li>\n\t\t\t\t\t\t\t\t\t<li>\n\t\t\t\t\t\t<input type=\"radio\" name=\"shipping_method[0]\" data-index=\"0\" id=\"shipping_method_0_flat_rate9\" value=\"flat_rate:9\" class=\"shipping_method\"  \/><label for=\"shipping_method_0_flat_rate9\">Post - pay on delivery: <span class=\"woocommerce-Price-amount amount\"><bdi><span class=\"woocommerce-Price-currencySymbol\">&euro;<\/span>7<\/bdi><\/span><\/label>\t\t\t\t\t<\/li>\n\t\t\t\t\t\t\t\t\t<li>\n\t\t\t\t\t\t<input type=\"radio\" name=\"shipping_method[0]\" data-index=\"0\" id=\"shipping_method_0_flat_rate5\" value=\"flat_rate:5\" class=\"shipping_method\"  \/><label for=\"shipping_method_0_flat_rate5\">Courier in Prague: <span class=\"woocommerce-Price-amount amount\"><bdi><span class=\"woocommerce-Price-currencySymbol\">&euro;<\/span>10<\/bdi><\/span><\/label>\t\t\t\t\t<\/li>\n\t\t\t\t\t\t\t\t\t<li>\n\t\t\t\t\t\t<input type=\"radio\" name=\"shipping_method[0]\" data-index=\"0\" id=\"shipping_method_0_packetery_shipping_methodpacketery_carrier_zpointcz\" value=\"packetery_shipping_method:packetery_carrier_zpointcz\" class=\"shipping_method\"  \/><label for=\"shipping_method_0_packetery_shipping_methodpacketery_carrier_zpointcz\">Packeta pickup points: <span class=\"woocommerce-Price-amount amount\"><bdi><span class=\"woocommerce-Price-currencySymbol\">&euro;<\/span>3<\/bdi><\/span><\/label>\t\t\t\t\t<\/li>\n\t\t\t\t\t\t\t<\/ul>\n\t\t\t\t\t\t\n\t\t\n\t\t\t<\/td>\n<\/tr>\n\n\t\t\t\n\t\t\n\t\t\n\t\t\n\t\t\n\t\t<tr class=\"order-total\">\n\t\t\t<th>Total<\/th>\n\t\t\t<td><strong><span class=\"woocommerce-Price-amount amount\"><bdi><span class=\"woocommerce-Price-currencySymbol\">&euro;<\/span>84<\/bdi><\/span><\/strong> <\/td>\n\t\t<\/tr>\n\n\t\t\n\t<\/tfoot>\n<\/table>\n<div id=\"payment\" class=\"woocommerce-checkout-payment\">\n\t\t\t<ul class=\"wc_payment_methods payment_methods methods\">\n\t\t\t<li class=\"wc_payment_method payment_method_cod\">\n\t<input id=\"payment_method_cod\" type=\"radio\" class=\"input-radio\" name=\"payment_method\" value=\"cod\"  checked='checked' data-order_button_text=\"\" \/>\n\n\t<label for=\"payment_method_cod\">\n\t\tHotov\u011b p\u0159i p\u0159evzet\u00ed \t<\/label>\n\t\t\t<div class=\"payment_box payment_method_cod\" >\n\t\t\t<p>Platba v hotovosti p\u0159i p\u0159evzet\u00ed objedn\u00e1vky<\/p>\n\t\t<\/div>\n\t<\/li>\n<li class=\"wc_payment_method payment_method_bacs\">\n\t<input id=\"payment_method_bacs\" type=\"radio\" class=\"input-radio\" name=\"payment_method\" value=\"bacs\"  data-order_button_text=\"\" \/>\n\n\t<label for=\"payment_method_bacs\">\n\t\tBank transfer \t<\/label>\n\t\t\t<div class=\"payment_box payment_method_bacs\" style=\"display:none;\">\n\t\t\t<p>2601155971\/2010<br \/>\nIban: CZ4320100000002601155971<br \/>\nBic: FIOBCZPPXXX<\/p>\n\t\t<\/div>\n\t<\/li>\n\t\t<\/ul>\n\t\t<div class=\"form-row place-order\">\n\t\t<noscript>\n\t\t\tSince your browser does not support JavaScript, or it is disabled, please ensure you click the <em>Update Totals<\/em> button before placing your order. You may be charged more than the amount stated above if you fail to do so.\t\t\t<br\/><button type=\"submit\" class=\"button alt\" name=\"woocommerce_checkout_update_totals\" value=\"Update totals\">Update totals<\/button>\n\t\t<\/noscript>\n\n\t\t\t<div class=\"woocommerce-terms-and-conditions-wrapper\">\n\t\t<div class=\"woocommerce-privacy-policy-text\"><\/div>\n\t\t\t\t\t<p class=\"form-row validate-required\">\n\t\t\t\t<label class=\"woocommerce-form__label woocommerce-form__label-for-checkbox checkbox\">\n\t\t\t\t<input type=\"checkbox\" class=\"woocommerce-form__input woocommerce-form__input-checkbox input-checkbox\" name=\"terms\"  id=\"terms\" \/>\n\t\t\t\t\t<span class=\"woocommerce-terms-and-conditions-checkbox-text\">I have read and agree to the website <a href=\"https:\/\/www.michaelagorcova.cz\/en\/obchodni-podminky\/\" class=\"woocommerce-terms-and-conditions-link\" target=\"_blank\">terms and conditions<\/a><\/span>&nbsp;<abbr class=\"required\" title=\"required\">*<\/abbr>\n\t\t\t\t<\/label>\n\t\t\t\t<input type=\"hidden\" name=\"terms-field\" value=\"1\" \/>\n\t\t\t<\/p>\n\t\t\t<\/div>\n\t\n\t\t\t<input name=\"packetery_point_id\" id=\"packetery_point_id\" type=\"hidden\">\n\t<input name=\"packetery_point_name\" id=\"packetery_point_name\" type=\"hidden\">\n\t<input name=\"packetery_point_city\" id=\"packetery_point_city\" type=\"hidden\">\n\t<input name=\"packetery_point_zip\" id=\"packetery_point_zip\" type=\"hidden\">\n\t<input name=\"packetery_point_street\" id=\"packetery_point_street\" type=\"hidden\">\n\t<input name=\"packetery_point_place\" id=\"packetery_point_place\" type=\"hidden\">\n\t<input name=\"packetery_carrier_id\" id=\"packetery_carrier_id\" type=\"hidden\">\n\t<input name=\"packetery_point_url\" id=\"packetery_point_url\" type=\"hidden\">\n\t<input name=\"packetery_address_isValidated\" id=\"packetery_address_isValidated\" type=\"hidden\">\n\t<input name=\"packetery_address_houseNumber\" id=\"packetery_address_houseNumber\" type=\"hidden\">\n\t<input name=\"packetery_address_street\" id=\"packetery_address_street\" type=\"hidden\">\n\t<input name=\"packetery_address_city\" id=\"packetery_address_city\" type=\"hidden\">\n\t<input name=\"packetery_address_postCode\" id=\"packetery_address_postCode\" type=\"hidden\">\n\t<input name=\"packetery_address_county\" id=\"packetery_address_county\" type=\"hidden\">\n\t<input name=\"packetery_address_country\" id=\"packetery_address_country\" type=\"hidden\">\n\t<input name=\"packetery_address_latitude\" id=\"packetery_address_latitude\" type=\"hidden\">\n\t<input name=\"packetery_address_longitude\" id=\"packetery_address_longitude\" type=\"hidden\">\n\t<input name=\"packetery_car_delivery_id\" id=\"packetery_car_delivery_id\" type=\"hidden\">\n\t<input name=\"packetery_car_delivery_from\" id=\"packetery_car_delivery_from\" type=\"hidden\">\n\t<input name=\"packetery_car_delivery_to\" id=\"packetery_car_delivery_to\" type=\"hidden\">\n\n\t\t<button type=\"submit\" class=\"button alt\" name=\"woocommerce_checkout_place_order\" id=\"place_order\" value=\"Place order\" data-value=\"Place order\">Place order<\/button>\n\t\t\n\t\t<input type=\"hidden\" id=\"woocommerce-process-checkout-nonce\" name=\"woocommerce-process-checkout-nonce\" value=\"d7ddf0f5f2\" \/><input type=\"hidden\" name=\"_wp_http_referer\" value=\"\/en\/wp-json\/wp\/v2\/pages\/6\" \/>\t<\/div>\n<\/div>\n\t<\/div>\n\n\t\n<\/form>\n\n<\/div>\n","protected":false},"excerpt":{"rendered":"","protected":false},"author":1,"featured_media":0,"parent":0,"menu_order":0,"comment_status":"closed","ping_status":"open","template":"","meta":{"_acf_changed":false,"footnotes":""},"class_list":["post-6","page","type-page","status-publish","hentry"],"acf":[],"_links":{"self":[{"href":"https:\/\/www.michaelagorcova.cz\/en\/wp-json\/wp\/v2\/pages\/6"}],"collection":[{"href":"https:\/\/www.michaelagorcova.cz\/en\/wp-json\/wp\/v2\/pages"}],"about":[{"href":"https:\/\/www.michaelagorcova.cz\/en\/wp-json\/wp\/v2\/types\/page"}],"author":[{"embeddable":true,"href":"https:\/\/www.michaelagorcova.cz\/en\/wp-json\/wp\/v2\/users\/1"}],"replies":[{"embeddable":true,"href":"https:\/\/www.michaelagorcova.cz\/en\/wp-json\/wp\/v2\/comments?post=6"}],"version-history":[{"count":0,"href":"https:\/\/www.michaelagorcova.cz\/en\/wp-json\/wp\/v2\/pages\/6\/revisions"}],"wp:attachment":[{"href":"https:\/\/www.michaelagorcova.cz\/en\/wp-json\/wp\/v2\/media?parent=6"}],"curies":[{"name":"wp","href":"https:\/\/api.w.org\/{rel}","templated":true}]}}